{"id":278,"date":"2025-06-01T10:00:38","date_gmt":"2025-06-01T08:00:38","guid":{"rendered":"https:\/\/startup-brizy.laendle.io\/?page_id=278"},"modified":"2026-01-14T15:25:27","modified_gmt":"2026-01-14T14:25:27","slug":"coming-soon","status":"publish","type":"page","link":"https:\/\/pezz.luna-multimedia.info\/en\/coming-soon\/","title":{"rendered":"Coming soon"},"content":{"rendered":"<div class=\"brz-root__container brz-reset-all brz brz-root__container-page\">\n<section id=\"05265928290cf081657d_ywtx5jZZiDv_\" class=\"brz-section brz-css-zmt627 brz-css-wvywab\">\n<div class=\"brz-section__content brz-section--boxed brz-css-13p34ul brz-css-uitm6e\" data-brz-custom-id=\"tpvJJZgb3793\">\n<div class=\"brz-bg\">\n<div class=\"brz-bg-color\"><\/div>\n<\/div>\n<div class=\"brz-container brz-css-jnp9kf brz-css-1sd5nmd\">\n<div id=\"\" class=\"brz-css-krnbz7 brz-css-1qdh2an brz-wrapper\">\n<div class=\"brz-image brz-css-1muhr6c brz-css-wktxnp\" data-brz-custom-id=\"i5S7FfEnLwm4\"><img decoding=\"async\" class=\"brz-img brz-img-svg\" src=\"https:\/\/pezz.luna-multimedia.info\/wp-content\/uploads\/2025\/06\/PEZZ-Logo_ohneClaim.svg\" alt=\"PEZZ Logo\" title=\"PEZZ - P\u00e4diatrisch-Endokrinologisches Zentrum Z\u00fcrich\" loading=\"lazy\"><\/div>\n<\/div>\n<div class=\"brz-row__container brz-css-1xcaz8q brz-css-p1aoug\" data-brz-custom-id=\"oe6DLcdJwymP\">\n<div class=\"brz-row brz-css-1idsbzu brz-css-15l2hfa brz-css-1cb7d3f\">\n<div class=\"brz-columns brz-css-13vik1w brz-css-1meom2k\" data-brz-custom-id=\"qeRAc23OF8rU\">\n<div class=\"brz-column__items brz-css-ttscwu brz-css-19wr00w\">\n<div id=\"\" class=\"brz-css-krnbz7 brz-css-wmd7bt brz-wrapper\">\n<div class=\"brz-lottie brz-css-hh5tnq brz-css-yvbl3s\">\n<div class=\"brz-lottie-anim\" data-animate-name=\"https:\/\/pezz.luna-multimedia.info\/wp-content\/uploads\/brizy\/custom_files\/web-design.json\" data-anim-speed=\"2.3\" data-anim-loop=\"true\" data-anim-autoplay=\"true\" data-anim-direction=\"1\" data-render-type=\"svg\" data-anim-trigger=\"onLoad\" data-anim-load=\"true\" data-lottie-file=\"false\"><\/div>\n<\/div>\n<\/div>\n<\/div>\n<\/div>\n<div class=\"brz-columns brz-css-13vik1w brz-css-1x1ew0b\" data-brz-custom-id=\"sCJAzfKbUdlL\">\n<div class=\"brz-column__items brz-css-ttscwu brz-css-oiunu0\">\n<div id=\"\" class=\"brz-css-krnbz7 brz-css-q8cbaz brz-wrapper\">\n<div class=\"brz-rich-text brz-rich-text__custom brz-css-66boaz brz-css-opg9o\" data-brz-custom-id=\"chKs6mJJgoVM\">\n<div data-brz-translate-text=\"1\">\n<h4 class=\"brz-tp-lg-heading4 brz-text-lg-center brz-tp-sm-paragraph brz-tp-xs-paragraph brz-css-bnfH3\" data-generated-css=\"brz-css-kAKT5\" data-uniq-id=\"s6uxh\"><span class=\"brz-scp-color2 brz-cp-color1\">Bald gehen wir mit der neuen Website online! <\/span><\/h4>\n<h4 class=\"brz-tp-lg-heading4 brz-text-lg-center brz-tp-sm-paragraph brz-tp-xs-paragraph brz-css-emVFf\" data-generated-css=\"brz-css-ffywI\" data-uniq-id=\"kBVOn\"><span class=\"brz-scp-color2 brz-cp-color1\">Sie erreichen uns bis dann auf <\/span><a class=\"link--external brz-scp-color2 brz-cp-color2\" href=\"https:\/\/www.pezz.ch\" data-brz-link-type=\"external\" target=\"_blank\" rel=\"noopener noreferrer nofollow\">www.pezz.ch<\/a><\/h4>\n<\/div>\n<\/div>\n<\/div>\n<\/div>\n<\/div>\n<\/div>\n<\/div>\n<div class=\"brz-wrapper-clone brz-flex-xs-wrap brz-css-1j6bypv brz-css-19k3jtj\" data-brz-custom-id=\"uvuJPxSGZgYm\"><a class=\"brz-a brz-btn brz-css-1mopubu brz-css-1ig87mi brz-css-1rc2lgw brz-css-1t4ez0j\" href=\"#jSXa_t1rVdcD\" target=\"_self\" rel=\"noopener\" data-brz-link-type=\"popup\" data-brz-custom-id=\"vGjO9TjxusVq\"><span data-brz-translate-text=\"1\" class=\"brz-span brz-text__editor\">Login<\/span><\/a><\/p>\n<div class=\"brz brz-popup2 brz-popup2__preview brz-popup2__auto brz-popup2--fixed brz-css-1fdmsir brz-css-1n3rwdn\" id=\"jSXa_t1rVdcD\" data-brz-popup=\"jSXa_t1rVdcD\" data-brz-click_outside_to_close=\"true\" data-brz-once-id=\"jSXa_t1rVdcD\" data-brz-custom-id=\"yV_YgT1MrhD9\">\n<div class=\"brz-bg\">\n<div class=\"brz-bg-color\"><\/div>\n<\/div>\n<div class=\"brz-popup2__inner brz-d-xs-flex brz-flex-xs-wrap brz-css-1eszzba brz-css-qlvgx\">\n<div class=\"brz-container__wrap\">\n<div class=\"brz-popup2__close\" data-brz-custom-id=\"yV_YgT1MrhD9--close\"><\/div>\n<div class=\"brz-container\">\n<div class=\"brz-row__container brz-css-1xcaz8q brz-css-rvorlj\" data-brz-custom-id=\"evXdigx38ZkW\">\n<div class=\"brz-bg\">\n<div class=\"brz-bg-color\"><\/div>\n<\/div>\n<div class=\"brz-row brz-css-1idsbzu brz-css-1ha5efu\">\n<div class=\"brz-columns brz-css-13vik1w brz-css-jw3cyi\" data-brz-custom-id=\"qXiY59PyhA9J\">\n<div class=\"brz-column__items brz-css-ttscwu brz-css-zhhg2w\">\n<div id=\"\" class=\"brz-css-krnbz7 brz-css-sdh0ru brz-wrapper\">\n<div class=\"brz-rich-text brz-rich-text__custom brz-css-66boaz brz-css-15uw9dr\" data-brz-custom-id=\"nWSnu9VBAw3U\">\n<div data-brz-translate-text=\"1\">\n<p class=\"brz-fw-xs-300 brz-fw-sm-300 brz-fw-lg-300 brz-fs-xs-21 brz-fs-sm-21 brz-fs-lg-22 brz-ft-google brz-ff-overpass brz-ls-xs-0 brz-ls-sm-0 brz-ls-lg-0 brz-lh-xs-1_6 brz-lh-sm-1_6 brz-lh-lg-1_9 brz-text-lg-center brz-css-lpHz0\" data-uniq-id=\"o4J01\" data-generated-css=\"brz-css-j6Pk1\"><span class=\"brz-cp-color6\">Vorschau der Website mit Login<\/span><\/p>\n<\/div>\n<\/div>\n<\/div>\n<div id=\"\" class=\"brz-css-krnbz7 brz-css-5lg3u4 brz-wrapper\">\n<div data-brz-islogged=\"true\" data-brz-redirect=\"samePage\" data-brz-redirect-value=\"\" data-brz-translatable-error-empty=\"Please fill in the mandatory fields\" data-brz-translatable-error-passlength=\"Password should be at least 6 characters\" data-brz-error-passmatch=\"Passwords do not match\" class=\"brz-login brz-css-ie9zjk brz-css-dm0gh0\" data-brz-custom-id=\"ofozDoj0xkwP\">\n<div class=\"brz-login__authorized\">\n<p style=\"min-height:20px\">Reto Sch\u00e4ublin<\/p>\n<p><a class=\"brz-login__authorized-link\" href=\"https:\/\/pezz.luna-multimedia.info\/en\/wp-login.php\/?action=logout&amp;redirect_to=https%3A%2F%2Fpezz.luna-multimedia.info%2Fwp-admin%2Fadmin-ajax.php%3Faction%3Dbrizy_update_item%26version%3D318-wp%26hash%3D3478787aa3&amp;_wpnonce=f6e5c9a15c&amp;isEditorLogout=1\"> Logout<\/a><\/div>\n<div class=\"brz-login-form__field brz-login-form__field-Email brz-login-form__field-remember-off brz-css-1vfeh99 brz-css-3ez1p\">\n<div class=\"brz-login__item\">\n<div data-brz-translate-text=\"1\" class=\"brz-login__field\"><\/div>\n<\/div>\n<\/div>\n<div class=\"brz-login-form__field brz-login-form__field-Password brz-login-form__field-remember-off brz-css-1vfeh99 brz-css-8ktjup\">\n<div class=\"brz-login__item\">\n<div data-brz-translate-text=\"1\" class=\"brz-login__field\"><\/div>\n<\/div>\n<\/div>\n<div class=\"brz-login-form__field brz-login-form__field-Remember brz-login-form__field-remember-off brz-css-1vfeh99 brz-css-1trlg1l\"><\/div>\n<div class=\"brz-login-form__field brz-login__item-button\">\n<div class=\"brz-login__item brz-align-self-xs-end\"><button type=\"submit\" name=\"wp-submit\" class=\"brz-btn brz-btn-submit brz-css-1rc2lgw brz-css-15331hf\" data-brz-custom-id=\"gC1nC3CYwHfO\"><span data-brz-translate-text=\"1\" class=\"brz-span brz-text__editor\">zur Vorschau<\/span><\/button><\/div>\n<\/div>\n<div class=\"brz-login-form__field brz-login-form__field-ResetEmail brz-css-1s3rwwj brz-css-agg4ib\">\n<div class=\"brz-login__item\">\n<div class=\"brz-login__field\"><\/div>\n<\/div>\n<\/div>\n<div class=\"brz-login-form__field brz-login__item-button\">\n<div class=\"brz-login__item brz-align-self-xs-end\"><button type=\"submit\" name=\"wp-submit\" class=\"brz-btn brz-btn-submit brz-css-1rc2lgw brz-css-7fa5sn\" data-brz-custom-id=\"twndkpRyQqv5\"><span data-brz-translate-text=\"1\" class=\"brz-span brz-text__editor\">Get New Password<\/span><\/button><\/div>\n<\/div>\n<div class=\"brz-login-form__field brz-login-form__field-login-link\"><span data-brz-translate-text=\"1\" class=\"brz-span brz-text__editor\">Back to Login<\/span><\/div>\n<\/div>\n<\/div>\n<\/div>\n<\/div>\n<\/div>\n<\/div>\n<\/div>\n<\/div>\n<\/div>\n<\/div>\n<\/div>\n<div id=\"\" class=\"brz-css-krnbz7 brz-css-1ilb3lu brz-wrapper\">\n<div class=\"brz-rich-text brz-rich-text__custom brz-css-66boaz brz-css-xlsgwy\" data-brz-custom-id=\"b26D1xIcmSHx\">\n<div data-brz-translate-text=\"1\">\n<h1 class=\"brz-mt-lg-30 brz-tp-lg-heading1 brz-fsft-lg-0 brz-fwdth-lg-100 brz-vfw-lg-400 brz-lh-lg-1_2 brz-ls-lg-m_1 brz-fw-lg-600 brz-fss-lg-px brz-fs-lg-54 brz-ft-upload brz-ff-gdpczlnboolzvvpflfgjqneyqnhdswpochbo brz-text-lg-center brz-css-ujknb\" data-uniq-id=\"dlcft\" data-generated-css=\"brz-css-sbJcc\"><span class=\"brz-cp-color1\">PEZZ<\/span><\/h1>\n<\/div>\n<\/div>\n<\/div>\n<div id=\"\" class=\"brz-css-krnbz7 brz-css-1rq7037 brz-wrapper\">\n<div class=\"brz-rich-text brz-rich-text__custom brz-css-66boaz brz-css-15chf5c\" data-brz-custom-id=\"xXtDr9x3YAfE\">\n<div data-brz-translate-text=\"1\">\n<h2 class=\"brz-tp-lg-heading2 brz-fsft-lg-0 brz-fwdth-lg-100 brz-vfw-lg-400 brz-lh-lg-1_2 brz-ls-lg-m_1 brz-fw-lg-600 brz-fss-lg-px brz-fs-lg-54 brz-ft-upload brz-ff-gdpczlnboolzvvpflfgjqneyqnhdswpochbo brz-text-lg-center brz-css-mYw2T\" data-uniq-id=\"zgfZw\" data-generated-css=\"brz-css-vRWkk\"><span class=\"brz-cp-color6\">P\u00e4diatrisch-Endokrinologisches Zentrum Z\u00fcrich<\/span><\/h2>\n<\/div>\n<\/div>\n<\/div>\n<\/div>\n<\/div>\n<\/section>\n<\/div>\n<p>    <!-- version:1755769849 --><\/p>","protected":false},"excerpt":{"rendered":"<p>Bald gehen wir mit der neuen Website online! Sie erreichen uns bis dann auf www.pezz.ch Login Vorschau der Website mit Login Reto Sch\u00e4ublin Logout zur Vorschau Get New Password Back to Login PEZZ P\u00e4diatrisch-Endokrinologisches Zentrum Z\u00fcrich<\/p>","protected":false},"author":5,"featured_media":0,"parent":0,"menu_order":9,"comment_status":"closed","ping_status":"closed","template":"brizy-blank-template.php","meta":{"footnotes":""},"class_list":["post-278","page","type-page","status-publish","hentry"],"brizy_media":[{"id":1188,"url":"https:\/\/pezz.luna-multimedia.info\/wp-content\/uploads\/2025\/06\/PEZZ-Logo.svg","name":"PEZZ-Logo.svg","meta":{"brizy_attachment_uid":"wp-0b9e7cf3d1ac83335b4bf2304b0f7e89.svg","brizy_post_uid":["ea851ec14fa651f0e1562c546f13db5f"]}},{"id":1219,"url":"https:\/\/pezz.luna-multimedia.info\/wp-content\/uploads\/2025\/06\/PEZZ-Logo_ohneClaim.svg","name":"PEZZ-Logo_ohneClaim.svg","meta":{"brizy_attachment_uid":"wp-c9ad3fdb6341326d9a9c799517a59ba1.svg","brizy_post_uid":["4a7a5e3bfddd835bce8f05d6ceffddf2","ea851ec14fa651f0e1562c546f13db5f"]}}],"_links":{"self":[{"href":"https:\/\/pezz.luna-multimedia.info\/en\/wp-json\/wp\/v2\/pages\/278","targetHints":{"allow":["GET"]}}],"collection":[{"href":"https:\/\/pezz.luna-multimedia.info\/en\/wp-json\/wp\/v2\/pages"}],"about":[{"href":"https:\/\/pezz.luna-multimedia.info\/en\/wp-json\/wp\/v2\/types\/page"}],"author":[{"embeddable":true,"href":"https:\/\/pezz.luna-multimedia.info\/en\/wp-json\/wp\/v2\/users\/5"}],"replies":[{"embeddable":true,"href":"https:\/\/pezz.luna-multimedia.info\/en\/wp-json\/wp\/v2\/comments?post=278"}],"version-history":[{"count":0,"href":"https:\/\/pezz.luna-multimedia.info\/en\/wp-json\/wp\/v2\/pages\/278\/revisions"}],"wp:attachment":[{"href":"https:\/\/pezz.luna-multimedia.info\/en\/wp-json\/wp\/v2\/media?parent=278"}],"curies":[{"name":"wp","href":"https:\/\/api.w.org\/{rel}","templated":true}]}}